{"id":256,"date":"2024-07-23T15:25:41","date_gmt":"2024-07-23T15:25:41","guid":{"rendered":"https:\/\/www.satinformatico.com\/?page_id=256"},"modified":"2024-07-23T15:31:47","modified_gmt":"2024-07-23T15:31:47","slug":"aviso-legal","status":"publish","type":"page","link":"https:\/\/www.satinformatico.com\/index.php\/aviso-legal\/","title":{"rendered":"Aviso legal"},"content":{"rendered":"\t\t<div data-elementor-type=\"wp-page\" data-elementor-id=\"256\" class=\"elementor elementor-256\" data-elementor-post-type=\"page\">\n\t\t\t\t<div class=\"elementor-element elementor-element-00b6d1e e-flex e-con-boxed e-con e-parent\" data-id=\"00b6d1e\" data-element_type=\"container\" data-e-type=\"container\">\n\t\t\t\t\t<div class=\"e-con-inner\">\n\t\t\t\t<div class=\"elementor-element elementor-element-f38eb6c elementor-widget elementor-widget-text-editor\" data-id=\"f38eb6c\" data-element_type=\"widget\" data-e-type=\"widget\" data-widget_type=\"text-editor.default\">\n\t\t\t\t<div class=\"elementor-widget-container\">\n\t\t\t\t\t\t\t\t\t<header class=\"page-header\" style=\"margin-bottom: 1.563rem; color: #333333; font-family: 'Open Sans', 'Helvetica Neue', Helvetica, Arial, sans-serif; font-size: 14px;\"><h1 style=\"font-size: 1.375rem; margin-right: 0px; margin-bottom: 0.5rem; margin-left: 0px; font-family: inherit; line-height: 1.1; color: inherit;\">Aviso legal<\/h1><\/header><section id=\"content\" class=\"page-content page-cms page-cms-2\" style=\"background-image: initial; background-position: initial; background-size: initial; background-repeat: initial; background-attachment: initial; background-origin: initial; background-clip: initial; padding: 1.25rem; text-align: justify; margin-bottom: 1.563rem; color: #333333; font-family: 'Open Sans', 'Helvetica Neue', Helvetica, Arial, sans-serif; font-size: 14px;\"><p class=\"MsoNormal\" style=\"color: #666666; line-height: normal; font-family: Roboto, sans-serif;\"><span style=\"font-size: 18pt; font-family: Arial, sans-serif; color: #444444;\">Datos identificativos<\/span><\/p><p style=\"color: #666666; line-height: 1.45; font-family: Roboto, sans-serif;\">\u00a0<\/p><p class=\"MsoNormal\" style=\"color: #666666; line-height: normal; font-family: Roboto, sans-serif;\"><span style=\"font-size: 10pt; font-family: Arial, sans-serif; color: #888888;\">En cumplimiento con el deber de informaci\u00f3n recogido en art\u00edculo 10 de la Ley 34\/2002, de 11 de julio, de Servicios de la Sociedad de la Informaci\u00f3n y del Comercio Electr\u00f3nico, le informamos:<\/span><\/p><p style=\"color: #666666; line-height: 1.45; font-family: Roboto, sans-serif;\">\u00a0<\/p><ul style=\"margin-right: 0px; margin-bottom: 0px; margin-left: 0px; list-style: none; padding: 0px; color: #666666; font-family: Roboto, sans-serif;\" type=\"disc\"><li class=\"MsoNormal\" style=\"color: #888888; line-height: normal;\"><span style=\"font-size: 10pt; font-family: Arial, sans-serif;\">PINSAPO IDEAS E ILUSIONES S.L. (en adelante, SATINFORMATICO) es una empresa dedicada a la venta de Inform\u00e1tica Online.<\/span><p style=\"color: #666666; line-height: 1.45;\">\u00a0<\/p><\/li><li class=\"MsoNormal\" style=\"color: #888888; line-height: normal;\"><span style=\"font-size: 10pt; font-family: Arial, sans-serif;\">SATINFORMATICO se encuentra inscrita en el Registro Mercantil de M\u00e1laga, Tomo 4258, Folio 77, Hoja 90037, Libro 3168, Secci\u00f3n 8<\/span><p style=\"color: #666666; line-height: 1.45;\">\u00a0<\/p><\/li><li class=\"MsoNormal\" style=\"color: #888888; line-height: normal;\"><span style=\"font-size: 10pt; font-family: Arial, sans-serif;\">SATINFORMATICO con CIF B92821586, es una sociedad domiciliada a los efectos de la presente informaci\u00f3n en la C\/ Sevilla, 58, 29400 Ronda, y es en la actualidad la encargada de la explotaci\u00f3n, gesti\u00f3n y funcionamiento del sitio web <a style=\"background-color: transparent; color: #121212;\" href=\"http:\/\/www.tecnodescuentos.com\/\">www.satinformatico.com<\/a><\/span><p style=\"color: #666666; line-height: 1.45;\">\u00a0<\/p><\/li><li class=\"MsoNormal\" style=\"color: #888888; line-height: normal;\"><span style=\"font-size: 10pt; font-family: Arial, sans-serif;\">Email de contacto:\u00a0\u00a0<a style=\"background-color: transparent; color: #121212;\" href=\"mailto:info@tecnodescuentos.com\">info@<\/a><a style=\"background-color: transparent; color: #121212;\" href=\"http:\/\/www.tecnodescuentos.com\/\">satinformatico<\/a><a style=\"background-color: transparent; color: #121212;\" href=\"mailto:info@tecnodescuentos.com\">.com<\/a><\/span><p style=\"color: #666666; line-height: 1.45;\">\u00a0<\/p><\/li><\/ul><p class=\"MsoNormal\" style=\"color: #666666; line-height: normal; font-family: Roboto, sans-serif;\"><span style=\"font-size: 18pt; font-family: Arial, sans-serif; color: #444444;\">Usuarios<\/span><\/p><p style=\"color: #666666; line-height: 1.45; font-family: Roboto, sans-serif;\">\u00a0<\/p><p class=\"MsoNormal\" style=\"color: #666666; line-height: normal; font-family: Roboto, sans-serif;\"><span style=\"font-size: 10pt; font-family: Arial, sans-serif; color: #888888;\">El acceso y\/o uso de este portal atribuye la condici\u00f3n de USUARIO, que acepta, desde dicho acceso y\/o uso, las Condiciones Generales de Uso aqu\u00ed reflejadas. Las citadas Condiciones ser\u00e1n de aplicaci\u00f3n independientemente de las Condiciones Generales de Contrataci\u00f3n que en su caso resulten de obligado cumplimiento.<\/span><\/p><p style=\"color: #666666; line-height: 1.45; font-family: Roboto, sans-serif;\">\u00a0<\/p><p class=\"MsoNormal\" style=\"color: #666666; line-height: normal; font-family: Roboto, sans-serif;\"><span style=\"font-size: 18pt; font-family: Arial, sans-serif; color: #444444;\">Uso del portal<\/span><\/p><p style=\"color: #666666; line-height: 1.45; font-family: Roboto, sans-serif;\">\u00a0<\/p><p class=\"MsoNormal\" style=\"color: #666666; line-height: normal; font-family: Roboto, sans-serif;\"><span style=\"font-size: 10pt; font-family: Arial, sans-serif; color: #888888;\">www.<span style=\"font-size: 10pt; font-family: Arial, sans-serif;\"><a style=\"background-color: transparent; color: #121212; text-decoration: underline;\" href=\"http:\/\/www.tecnodescuentos.com\/\">satinformatico<\/a><\/span>.com proporciona el acceso a multitud de productos, informaciones, servicios, programas o datos (en adelante, \u00ablos contenidos\u00bb) en Internet pertenecientes a <span style=\"font-size: 10pt; font-family: Arial, sans-serif;\">SATINFORMATICO<\/span>, o a terceros a los que el USUARIO puede tener acceso. El USUARIO asume la responsabilidad del uso del portal. Dicha responsabilidad se extiende al registro que fuese necesario para acceder a determinados servicios o contenidos. En dicho registro el USUARIO ser\u00e1 responsable de aportar informaci\u00f3n veraz y l\u00edcita. Como consecuencia de este registro, al USUARIO se le puede proporcionar una contrase\u00f1a de la que ser\u00e1 responsable, comprometi\u00e9ndose a hacer un uso diligente y confidencial de la misma. El USUARIO se compromete a hacer un uso adecuado de los contenidos y servicios que <span style=\"font-size: 10pt; font-family: Arial, sans-serif;\">SATINFORMATICO <\/span>ofrece a trav\u00e9s de su portal y con car\u00e1cter enunciativo pero no limitativo, a no emplearlos para:<\/span><\/p><p style=\"color: #666666; line-height: 1.45; font-family: Roboto, sans-serif;\">\u00a0<\/p><ul style=\"margin-right: 0px; margin-bottom: 0px; margin-left: 0px; list-style: none; padding: 0px; color: #666666; font-family: Roboto, sans-serif;\" type=\"disc\"><li class=\"MsoNormal\" style=\"color: #888888; line-height: normal;\"><span style=\"font-size: 10pt; font-family: Arial, sans-serif;\">Incurrir en actividades il\u00edcitas, ilegales o contrarias a la buena fe y al orden p\u00fablico.<\/span><p style=\"color: #666666; line-height: 1.45;\">\u00a0<\/p><\/li><li class=\"MsoNormal\" style=\"color: #888888; line-height: normal;\"><span style=\"font-size: 10pt; font-family: Arial, sans-serif;\">Difundir contenidos o propaganda de car\u00e1cter racista, xen\u00f3fobo, pornogr\u00e1fico ilegal, de apolog\u00eda del terrorismo o atentatorio contra los derechos humanos.<\/span><p style=\"color: #666666; line-height: 1.45;\">\u00a0<\/p><\/li><li class=\"MsoNormal\" style=\"color: #888888; line-height: normal;\"><span style=\"font-size: 10pt; font-family: Arial, sans-serif;\">Provocar da\u00f1os en los sistemas f\u00edsicos y l\u00f3gicos de SATINFORMATICO, de sus proveedores o de terceras personas, introducir o difundir en la red virus inform\u00e1ticos o cualesquiera otros sistemas f\u00edsicos o l\u00f3gicos que sean susceptibles de provocar los da\u00f1os anteriormente mencionados;<\/span><p style=\"color: #666666; line-height: 1.45;\">\u00a0<\/p><\/li><li class=\"MsoNormal\" style=\"color: #888888; line-height: normal;\"><span style=\"font-size: 10pt; font-family: Arial, sans-serif;\">Intentar acceder y, en su caso, utilizar las cuentas de correo electr\u00f3nico de otros usuarios y modificar o manipular sus mensajes.<\/span><p style=\"color: #666666; line-height: 1.45;\">\u00a0<\/p><\/li><\/ul><p class=\"MsoNormal\" style=\"color: #666666; line-height: normal; font-family: Roboto, sans-serif;\"><span style=\"font-size: 18pt; font-family: Arial, sans-serif; color: #444444;\">Propiedad Intelectual e Industrial<\/span><\/p><p style=\"color: #666666; line-height: 1.45; font-family: Roboto, sans-serif;\">\u00a0<\/p><ol style=\"margin-right: 0px; margin-bottom: 0px; margin-left: 0px; list-style: none; padding: 0px; color: #666666; font-family: Roboto, sans-serif;\" start=\"1\" type=\"1\"><li class=\"MsoNormal\" style=\"color: #888888; line-height: normal;\"><span style=\"font-size: 10pt; font-family: Arial, sans-serif;\">Todos los signos distintivos, marcas, nombres comerciales, contenidos, estructura, dise\u00f1o y forma de presentaci\u00f3n de los elementos y cualquier otra informaci\u00f3n que aparezca en este sitio Web son propiedad de sus respectivos propietarios, siendo SATINFORMATICO por s\u00ed cesionaria y est\u00e1n protegidos por los derechos de propiedad industrial e intelectual.<\/span><p style=\"color: #666666; line-height: 1.45;\">\u00a0<\/p><\/li><li class=\"MsoNormal\" style=\"color: #888888; line-height: normal;\"><span style=\"font-size: 10pt; font-family: Arial, sans-serif;\">El usuario tiene prohibida la reproducci\u00f3n, transformaci\u00f3n, distribuci\u00f3n, comunicaci\u00f3n p\u00fablica y, en general cualquier otra forma de explotaci\u00f3n de los elementos referidos en el apartado anterior sin autorizaci\u00f3n expresa de SATINFORMATICO.<\/span><p style=\"color: #666666; line-height: 1.45;\">\u00a0<\/p><\/li><li class=\"MsoNormal\" style=\"color: #888888; line-height: normal;\"><span style=\"font-size: 10pt; font-family: Arial, sans-serif;\">El usuario se abstendr\u00e1 de emplear medios que puedan suprimir, alterar, eludir o manipular cualesquiera dispositivos de protecci\u00f3n o sistemas de seguridad que puedan estar instalados y que comporten un riesgo o da\u00f1o o inutilizaci\u00f3n del sitio Web y\/o sus contenidos.<\/span><p style=\"color: #666666; line-height: 1.45;\">\u00a0<\/p><\/li><li class=\"MsoNormal\" style=\"color: #888888; line-height: normal;\"><span style=\"font-size: 10pt; font-family: Arial, sans-serif;\">SATINFORMATICO no se responsabiliza del posible uso inapropiado que terceros realicen de esta p\u00e1gina Web, ni de la informaci\u00f3n que a trav\u00e9s de ella transmitan a terceros. El uso de los contenidos que pueda hacer el usuario y las eventuales consecuencias, da\u00f1os o perjuicios que pudiesen derivarse, son de la exclusiva responsabilidad del usuario. SATINFORMATICO se excluye por los da\u00f1os y perjuicios de toda naturaleza causados a los usuarios por el uso de enlaces (links), directorios y herramientas de b\u00fasqueda, que permiten a los usuarios acceder a sitios Web pertenecientes y\/o gestionados por terceros as\u00ed como de la presencia de virus u otros c\u00f3digos maliciosos en los contenidos que puedan producir cualquier tipo de da\u00f1os en el sistema inform\u00e1tico, documentos electr\u00f3nicos o ficheros de los usuarios. SATINFORMATICO se reserva el derecho de ejercitar las acciones legales que considere oportunas derivadas de cualesquiera usos il\u00edcitos por parte de terceros de los contenidos de su p\u00e1gina web.<\/span><p style=\"color: #666666; line-height: 1.45;\">\u00a0<\/p><\/li><\/ol><p class=\"MsoNormal\" style=\"color: #666666; line-height: normal; font-family: Roboto, sans-serif;\"><span style=\"font-size: 18pt; font-family: Arial, sans-serif; color: #444444;\">Exclusi\u00f3n de garant\u00edas y responsabilidad<\/span><\/p><p style=\"color: #666666; line-height: 1.45; font-family: Roboto, sans-serif;\">\u00a0<\/p><p class=\"MsoNormal\" style=\"color: #666666; line-height: normal; font-family: Roboto, sans-serif;\"><span style=\"font-size: 10pt; font-family: Arial, sans-serif; color: #888888;\"><span style=\"font-size: 10pt; font-family: Arial, sans-serif;\">SATINFORMATICO <\/span>no se hace responsable, en ning\u00fan caso, de los da\u00f1os y perjuicios de cualquier naturaleza que pudieran ocasionar, a t\u00edtulo enunciativo: errores u omisiones en los contenidos, falta de disponibilidad del portal o la transmisi\u00f3n de virus o programas maliciosos o lesivos en los contenidos, a pesar de haber adoptado todas las medidas tecnol\u00f3gicas necesarias para evitarlo.<\/span><\/p><p style=\"color: #666666; line-height: 1.45; font-family: Roboto, sans-serif;\">\u00a0<\/p><p class=\"MsoNormal\" style=\"color: #666666; line-height: normal; font-family: Roboto, sans-serif;\"><span style=\"font-size: 18pt; font-family: Arial, sans-serif; color: #444444;\">Modificaciones<\/span><\/p><p style=\"color: #666666; line-height: 1.45; font-family: Roboto, sans-serif;\">\u00a0<\/p><p class=\"MsoNormal\" style=\"color: #666666; line-height: normal; font-family: Roboto, sans-serif;\"><span style=\"font-size: 10pt; font-family: Arial, sans-serif; color: #888888;\"><span style=\"font-size: 10pt; font-family: Arial, sans-serif;\">SATINFORMATICO<\/span>\u00a0se reserva el derecho de efectuar sin previo aviso las modificaciones que considere oportunas en su portal, pudiendo cambiar, suprimir o a\u00f1adir tanto los contenidos y servicios que se presten a trav\u00e9s de la misma como la forma en la que \u00e9stos aparezcan presentados o localizados en su portal.<\/span><\/p><p style=\"color: #666666; line-height: 1.45; font-family: Roboto, sans-serif;\">\u00a0<\/p><p class=\"MsoNormal\" style=\"color: #666666; line-height: normal; font-family: Roboto, sans-serif;\"><span style=\"font-size: 18pt; font-family: Arial, sans-serif; color: #444444;\">Enlaces<\/span><\/p><p style=\"color: #666666; line-height: 1.45; font-family: Roboto, sans-serif;\">\u00a0<\/p><p class=\"MsoNormal\" style=\"color: #666666; line-height: normal; font-family: Roboto, sans-serif;\"><span style=\"font-size: 10pt; font-family: Arial, sans-serif; color: #888888;\">En el caso de que en nombre del dominio se dispusiesen enlaces o hiperv\u00ednculos hac\u00eda otros sitios de Internet, <span style=\"font-size: 10pt; font-family: Arial, sans-serif;\">SATINFORMATICO <\/span>no ejercer\u00e1 ning\u00fan tipo de control sobre dichos sitios y contenidos. En ning\u00fan caso <span style=\"font-size: 10pt; font-family: Arial, sans-serif;\">SATINFORMATICO <\/span>asumir\u00e1 responsabilidad alguna por los contenidos de alg\u00fan enlace perteneciente a un sitio web ajeno, ni garantizar\u00e1 la disponibilidad t\u00e9cnica, calidad, fiabilidad, exactitud, amplitud, veracidad, validez y constitucionalidad de cualquier material o informaci\u00f3n contenida en ninguno de dichos hiperv\u00ednculos u otros sitios de Internet. Igualmente la inclusi\u00f3n de estas conexiones externas no implicar\u00e1 ning\u00fan tipo de asociaci\u00f3n, fusi\u00f3n o participaci\u00f3n con las entidades conectadas.<\/span><\/p><p style=\"color: #666666; line-height: 1.45; font-family: Roboto, sans-serif;\">\u00a0<\/p><p class=\"MsoNormal\" style=\"color: #666666; line-height: normal; font-family: Roboto, sans-serif;\"><span style=\"font-size: 18pt; font-family: Arial, sans-serif; color: #444444;\">Enlaces<\/span><\/p><p style=\"color: #666666; line-height: 1.45; font-family: Roboto, sans-serif;\">\u00a0<\/p><p class=\"MsoNormal\" style=\"color: #666666; line-height: normal; font-family: Roboto, sans-serif;\"><span style=\"font-size: 10pt; font-family: Arial, sans-serif; color: #888888;\"><span style=\"font-size: 10pt; font-family: Arial, sans-serif;\">SATINFORMATICO <\/span>se reserva el derecho a denegar o retirar el acceso a portal y\/o los servicios ofrecidos sin necesidad de preaviso, a instancia propia o de un tercero, a aquellos usuarios que incumplan las Condiciones Generales de Uso.<\/span><\/p><p style=\"color: #666666; line-height: 1.45; font-family: Roboto, sans-serif;\">\u00a0<\/p><p class=\"MsoNormal\" style=\"color: #666666; line-height: normal; font-family: Roboto, sans-serif;\"><span style=\"font-size: 18pt; font-family: Arial, sans-serif; color: #444444;\">Derecho de exclusi\u00f3n<\/span><\/p><p style=\"color: #666666; line-height: 1.45; font-family: Roboto, sans-serif;\">\u00a0<\/p><p class=\"MsoNormal\" style=\"color: #666666; line-height: normal; font-family: Roboto, sans-serif;\"><span style=\"font-size: 10pt; font-family: Arial, sans-serif; color: #888888;\"><span style=\"font-size: 10pt; font-family: Arial, sans-serif;\">SATINFORMATICO <\/span>se reserva el derecho a denegar o retirar el acceso a portal y\/o los servicios ofrecidos sin necesidad de preaviso, a instancia propia o de un tercero, a aquellos usuarios que incumplan las Condiciones Generales de Uso.<\/span><\/p><p style=\"color: #666666; line-height: 1.45; font-family: Roboto, sans-serif;\">\u00a0<\/p><p class=\"MsoNormal\" style=\"color: #666666; line-height: normal; font-family: Roboto, sans-serif;\"><span style=\"font-size: 18pt; font-family: Arial, sans-serif; color: #444444;\">Generalidades<\/span><\/p><p style=\"color: #666666; line-height: 1.45; font-family: Roboto, sans-serif;\">\u00a0<\/p><p class=\"MsoNormal\" style=\"color: #666666; line-height: normal; font-family: Roboto, sans-serif;\"><span style=\"font-size: 10pt; font-family: Arial, sans-serif; color: #888888;\"><span style=\"font-size: 10pt; font-family: Arial, sans-serif;\">SATINFORMATICO <\/span>perseguir\u00e1 el incumplimiento de las condiciones as\u00ed como cualquier utilizaci\u00f3n indebida de su portal ejerciendo todas las acciones civiles y penales que le puedan corresponder en derecho.<\/span><\/p><p style=\"color: #666666; line-height: 1.45; font-family: Roboto, sans-serif;\">\u00a0<\/p><p class=\"MsoNormal\" style=\"color: #666666; line-height: normal; font-family: Roboto, sans-serif;\"><span style=\"font-size: 18pt; font-family: Arial, sans-serif; color: #444444;\">Modificaci\u00f3n de las presentes condiciones y duraci\u00f3n<\/span><\/p><p style=\"color: #666666; line-height: 1.45; font-family: Roboto, sans-serif;\">\u00a0<\/p><p class=\"MsoNormal\" style=\"color: #666666; line-height: normal; font-family: Roboto, sans-serif;\"><span style=\"font-size: 10pt; font-family: Arial, sans-serif; color: #888888;\"><span style=\"font-size: 10pt; font-family: Arial, sans-serif;\">SATINFORMATICO <\/span>podr\u00e1 modificar en cualquier momento las condiciones aqu\u00ed determinadas, siendo debidamente publicadas como aqu\u00ed aparecen.<\/span><\/p><p style=\"color: #666666; line-height: 1.45; font-family: Roboto, sans-serif;\">\u00a0<\/p><p class=\"MsoNormal\" style=\"color: #666666; line-height: normal; font-family: Roboto, sans-serif;\"><span style=\"font-size: 18pt; font-family: Arial, sans-serif; color: #444444;\">Legislaci\u00f3n aplicable y jurisdicci\u00f3n<\/span><\/p><p style=\"color: #666666; line-height: 1.45; font-family: Roboto, sans-serif;\">\u00a0<\/p><p class=\"MsoNormal\" style=\"color: #666666; line-height: normal; font-family: Roboto, sans-serif;\"><span style=\"font-size: 10pt; font-family: Arial, sans-serif; color: #888888;\">La relaci\u00f3n entre <span style=\"font-size: 10pt; font-family: Arial, sans-serif;\">SATINFORMATICO <\/span>y el USUARIO se regir\u00e1 por la normativa espa\u00f1ola vigente y cualquier controversia se someter\u00e1 a los Juzgados y Tribunales espa\u00f1oles.<\/span><\/p><p style=\"color: #666666; line-height: 1.45; font-family: Roboto, sans-serif;\">\u00a0<\/p><p class=\"MsoNormal\" style=\"color: #666666; line-height: normal; font-family: Roboto, sans-serif;\"><span style=\"font-size: 10pt; font-family: Arial, sans-serif; color: #888888;\">Resoluci\u00f3n de litigios en l\u00ednea en materia de consumo conforme al Art. 14.1 del Reglamento (UE) 524\/2013: La Comisi\u00f3n Europea facilita una plataforma de resoluci\u00f3n de litigios en l\u00ednea que se encuentra disponible en el siguiente enlace:\u00a0<a style=\"background-color: transparent; color: #121212;\" href=\"http:\/\/ec.europa.eu\/consumers\/odr\/\" target=\"_blank\" rel=\"noreferrer noopener\"><span style=\"color: #ff6000;\">http:\/\/ec.europa.eu\/consumers\/odr\/<\/span><\/a>.<\/span><\/p><\/section>\t\t\t\t\t\t\t\t<\/div>\n\t\t\t\t<\/div>\n\t\t\t\t\t<\/div>\n\t\t\t\t<\/div>\n\t\t\t\t<\/div>\n\t\t","protected":false},"excerpt":{"rendered":"<p>Aviso legal Datos identificativos \u00a0 En cumplimiento con el deber de informaci\u00f3n recogido en art\u00edculo 10 de la Ley 34\/2002, de 11 de julio, de Servicios de la Sociedad de la Informaci\u00f3n y del Comercio Electr\u00f3nico, le informamos: \u00a0 PINSAPO IDEAS E ILUSIONES S.L. (en adelante, SATINFORMATICO) es una empresa dedicada a la venta de [&hellip;]<\/p>\n","protected":false},"author":3,"featured_media":0,"parent":0,"menu_order":0,"comment_status":"closed","ping_status":"closed","template":"","meta":{"footnotes":""},"class_list":["post-256","page","type-page","status-publish","hentry"],"_links":{"self":[{"href":"https:\/\/www.satinformatico.com\/index.php\/wp-json\/wp\/v2\/pages\/256","targetHints":{"allow":["GET"]}}],"collection":[{"href":"https:\/\/www.satinformatico.com\/index.php\/wp-json\/wp\/v2\/pages"}],"about":[{"href":"https:\/\/www.satinformatico.com\/index.php\/wp-json\/wp\/v2\/types\/page"}],"author":[{"embeddable":true,"href":"https:\/\/www.satinformatico.com\/index.php\/wp-json\/wp\/v2\/users\/3"}],"replies":[{"embeddable":true,"href":"https:\/\/www.satinformatico.com\/index.php\/wp-json\/wp\/v2\/comments?post=256"}],"version-history":[{"count":4,"href":"https:\/\/www.satinformatico.com\/index.php\/wp-json\/wp\/v2\/pages\/256\/revisions"}],"predecessor-version":[{"id":260,"href":"https:\/\/www.satinformatico.com\/index.php\/wp-json\/wp\/v2\/pages\/256\/revisions\/260"}],"wp:attachment":[{"href":"https:\/\/www.satinformatico.com\/index.php\/wp-json\/wp\/v2\/media?parent=256"}],"curies":[{"name":"wp","href":"https:\/\/api.w.org\/{rel}","templated":true}]}}