{"id":281,"date":"2024-07-23T15:40:54","date_gmt":"2024-07-23T15:40:54","guid":{"rendered":"https:\/\/www.satinformatico.com\/?page_id=281"},"modified":"2024-07-23T15:42:17","modified_gmt":"2024-07-23T15:42:17","slug":"politica-de-privacidad","status":"publish","type":"page","link":"https:\/\/www.satinformatico.com\/index.php\/politica-de-privacidad\/","title":{"rendered":"Pol\u00edtica de privacidad"},"content":{"rendered":"\t\t<div data-elementor-type=\"wp-page\" data-elementor-id=\"281\" class=\"elementor elementor-281\" data-elementor-post-type=\"page\">\n\t\t\t\t<div class=\"elementor-element elementor-element-edb577c e-flex e-con-boxed e-con e-parent\" data-id=\"edb577c\" data-element_type=\"container\" data-e-type=\"container\">\n\t\t\t\t\t<div class=\"e-con-inner\">\n\t\t\t\t<div class=\"elementor-element elementor-element-9c6e7d0 elementor-widget elementor-widget-text-editor\" data-id=\"9c6e7d0\" data-element_type=\"widget\" data-e-type=\"widget\" data-widget_type=\"text-editor.default\">\n\t\t\t\t<div class=\"elementor-widget-container\">\n\t\t\t\t\t\t\t\t\t<header class=\"page-header\" style=\"margin-bottom: 1.563rem; color: #333333; font-family: 'Open Sans', 'Helvetica Neue', Helvetica, Arial, sans-serif; font-size: 14px;\"><h1 style=\"font-size: 1.375rem; margin-right: 0px; margin-bottom: 0.5rem; margin-left: 0px; font-family: inherit; line-height: 1.1; color: inherit;\">Pol\u00edtica de privacidad<\/h1><\/header><section id=\"content\" class=\"page-content page-cms page-cms-7\" style=\"background-image: initial; background-position: initial; background-size: initial; background-repeat: initial; background-attachment: initial; background-origin: initial; background-clip: initial; padding: 1.25rem; text-align: justify; margin-bottom: 1.563rem; color: #333333; font-family: 'Open Sans', 'Helvetica Neue', Helvetica, Arial, sans-serif; font-size: 14px;\"><p class=\"texto-n\" style=\"margin-bottom: 8px; font-size: 13px; color: #888888; line-height: 20px; font-family: 'Open Sans', arial, sans-serif;\">La visita a este sitio Web no implica que el usuario est\u00e9 obligado a facilitar ninguna informaci\u00f3n. En el caso de que el usuario facilite alguna informaci\u00f3n de car\u00e1cter personal, los datos recogidos en este sitio web ser\u00e1n tratados de forma leal y l\u00edcita con sujeci\u00f3n en todo momento a los principios y derechos recogidos en el Reglamento (UE) 2016\/679, de 27 de abril, General de Protecci\u00f3n de Datos (RGPD) y dem\u00e1s normativa aplicable.<\/p><p class=\"texto-n\" style=\"margin-bottom: 8px; font-size: 13px; color: #888888; line-height: 20px; font-family: 'Open Sans', arial, sans-serif;\">En cumplimiento de lo dispuesto en el art\u00edculo 13 del RGPD te informamos de lo siguiente:<\/p><h2 class=\"titulo-subrayado m-t-3 h3\" style=\"margin-top: 3rem; margin-bottom: 1.5rem; font-family: Montserrat, sans-serif; font-weight: 300; line-height: 1.1; color: #444444; font-size: 1.714rem; text-transform: uppercase;\">RESPONSABLE<\/h2><p class=\"texto-n\" style=\"margin-bottom: 8px; font-size: 13px; color: #888888; line-height: 20px; font-family: 'Open Sans', arial, sans-serif;\">PINSAPO IDEAS E ILUSIONES S.L. (en adelante, Satinformatico)<\/p><p class=\"texto-n\" style=\"margin-bottom: 8px; font-size: 13px; color: #888888; line-height: 20px; font-family: 'Open Sans', arial, sans-serif;\">Calle Sevilla, 58, 29400 Ronda<\/p><p class=\"texto-n\" style=\"margin-bottom: 8px; font-size: 13px; color: #888888; line-height: 20px; font-family: 'Open Sans', arial, sans-serif;\">Tel\u00e9fono de contacto: 952 872 463*<\/p><h2 class=\"titulo-subrayado m-t-3 h3\" style=\"margin-top: 3rem; margin-bottom: 1.5rem; font-family: Montserrat, sans-serif; font-weight: 300; line-height: 1.1; color: #444444; font-size: 1.714rem; text-transform: uppercase;\">\u00bfQU\u00c9 HACEMOS CON TUS DATOS?<\/h2><p class=\"texto-n\" style=\"margin-bottom: 8px; font-size: 13px; color: #888888; line-height: 20px; font-family: 'Open Sans', arial, sans-serif;\">&#8211; Apartado\u00a0<span style=\"font-weight: bold;\">\u00abCrear una cuenta\u00bb<\/span><br \/>La principal finalidad de dicho tratamiento es la gesti\u00f3n de los usuarios registrados en nuestra web, as\u00ed como el env\u00edo de publicidad relativa a los productos y servicios comercializados por SATINFORMATICO. SATINFORMATICO asegura la confidencialidad de los datos aportados y garantiza que, en ning\u00fan caso, ser\u00e1n cedidos para ning\u00fan otro uso sin mediar consentimiento previo y expreso de nuestros usuarios. S\u00f3lo le pediremos aquellos datos necesarios para la prestaci\u00f3n del servicio requerido y \u00fanicamente ser\u00e1n empleados para este fin.<\/p><p class=\"texto-n\" style=\"margin-bottom: 8px; font-size: 13px; color: #888888; line-height: 20px; font-family: 'Open Sans', arial, sans-serif;\">&#8211; Apartado\u00a0<span style=\"font-weight: bold;\">\u00abRealizar Compra\u00bb<\/span><br \/>Al igual que indicamos en nuestra pol\u00edtica de privacidad, la principal finalidad del tratamiento de los datos es mantener la relaci\u00f3n contractual con nuestros clientes, facilitar la tramitaci\u00f3n de los pedidos, la realizaci\u00f3n de estudios estad\u00edsticos, env\u00edo de publicidad relativa a los productos y servicios comercializados por SATINFORMATICO o para el env\u00edo de publicidad y descuentos , y adem\u00e1s para el estudio de financiaci\u00f3n de compras y obtenci\u00f3n de cr\u00e9ditos al consumo, as\u00ed como para el descubrimiento y prevenci\u00f3n del fraude, y minimizaci\u00f3n del riesgo de su comisi\u00f3n, en base al inter\u00e9s leg\u00edtimo reconocido por la normativa vigente.<\/p><p class=\"texto-n\" style=\"margin-bottom: 8px; font-size: 13px; color: #888888; line-height: 20px; font-family: 'Open Sans', arial, sans-serif;\">&#8211; Apartado\u00a0<span style=\"font-weight: bold;\">\u00abSuscr\u00edbase a nuestro Bolet\u00edn\u00bb<\/span><br \/>El e-mail facilitado ser\u00e1 objeto de tratamiento por parte de SATINFORMATICO con la finalidad de enviar el bolet\u00edn de ofertas. Este Bolet\u00edn tiene car\u00e1cter exclusivamente informativo.<\/p><p class=\"texto-n\" style=\"margin-bottom: 8px; font-size: 13px; color: #888888; line-height: 20px; font-family: 'Open Sans', arial, sans-serif;\">&#8211;\u00a0<span style=\"font-weight: bold;\">Acciones de Marketing<\/span>.<br \/>SATINFORMATICO podr\u00e1 utilizar dichos datos para informar sobre futuras promociones, ofertas y otras acciones comerciales en los casos en los que Vd. sea ya cliente o si no lo es, cuando Vd. nos haya proporcionado su consentimiento en el correspondiente apartado.<\/p><p class=\"texto-n\" style=\"margin-bottom: 8px; font-size: 13px; color: #888888; line-height: 20px; font-family: 'Open Sans', arial, sans-serif;\">&#8211; Apartado\u00a0<span style=\"font-weight: bold;\">\u00abFormulario de Contacto y Centro de Soporte de SATINFORMATICO\u00bb<\/span><br \/>Recogeremos datos con el fin de gestionar el centro de soporte de SATINFORMATICO y el contacto con el cliente v\u00eda ticket a fin de poder atender su petici\u00f3n.<\/p><h3 class=\"titulo-subrayado m-t-3\" style=\"margin-top: 3rem; margin-bottom: 1.5rem; font-family: Montserrat, sans-serif; font-weight: 300; line-height: 1.1; color: #444444; font-size: 1.714rem;\">Uso de los tickets<\/h3><p class=\"texto-n\" style=\"margin-bottom: 8px; font-size: 13px; color: #888888; line-height: 20px; font-family: 'Open Sans', arial, sans-serif;\">Cada usuario puede acceder a sus tickets mediante usuario y contrase\u00f1a. Las contrase\u00f1as son personales e intransferibles y el usuario es responsable del uso de sus contrase\u00f1as y de su comunicaci\u00f3n a terceros. La informaci\u00f3n que contiene los tickets es de car\u00e1cter confidencial. SATINFORMATICO proh\u00edbe la publicaci\u00f3n de los tickets a terceros y de su divulgaci\u00f3n en foros, redes sociales y cualquier sitio web.<\/p><p class=\"texto-n\" style=\"margin-bottom: 8px; font-size: 13px; color: #888888; line-height: 20px; font-family: 'Open Sans', arial, sans-serif;\">&#8211; Apartado\u00a0<span style=\"font-weight: bold;\">\u00abFormulario RMA\u00bb<\/span><br \/>La principal finalidad de este tratamiento es la gesti\u00f3n del RMA (Uso de garant\u00eda de su producto).Sus datos pueden ser comunicados a los fabricantes en el supuesto de productos averiados o defectuosos.<\/p><p class=\"texto-n\" style=\"margin-bottom: 8px; font-size: 13px; color: #888888; line-height: 20px; font-family: 'Open Sans', arial, sans-serif;\">&#8211;\u00a0<span style=\"font-weight: bold;\">Informaci\u00f3n recogida orientada a mejoras web<\/span><br \/>Para mejorar nuestros servicios y la compra on-line estamos analizando el portal de SATINFORMATICO y la correcta navegaci\u00f3n del usuario. Esta informaci\u00f3n ser\u00e1 confidencial y \u00fanicamente ser\u00e1 utilizada para mejorar la seguridad y funcionamiento de nuestra tienda on-line y para fines estad\u00edsticos.<\/p><h2 class=\"titulo-subrayado m-t-3 h3\" style=\"margin-top: 3rem; margin-bottom: 1.5rem; font-family: Montserrat, sans-serif; font-weight: 300; line-height: 1.1; color: #444444; font-size: 1.714rem; text-transform: uppercase;\">BASE JUR\u00cdDICA DE LOS TRATAMIENTOS<\/h2><p class=\"texto-n\" style=\"margin-bottom: 8px; font-size: 13px; color: #888888; line-height: 20px; font-family: 'Open Sans', arial, sans-serif;\">Para el registro, compra y la gesti\u00f3n de las garant\u00edas basaremos el tratamiento de los datos en la ejecuci\u00f3n del contrato de compra o en el marco de la relaci\u00f3n precontractual.<\/p><p class=\"texto-n\" style=\"margin-bottom: 8px; font-size: 13px; color: #888888; line-height: 20px; font-family: 'Open Sans', arial, sans-serif;\">Para el env\u00edo de informaci\u00f3n comercial basaremos el tratamiento en su consentimiento aunque si Vd. ya es cliente podremos enviarle informaci\u00f3n sobre productos similares proporcion\u00e1ndole siempre un medio sencillo y gratuito para darse de baja.<\/p><p class=\"texto-n\" style=\"margin-bottom: 8px; font-size: 13px; color: #888888; line-height: 20px; font-family: 'Open Sans', arial, sans-serif;\">El consentimiento aqu\u00ed prestado por el Titular para comunicaci\u00f3n de datos a terceros tiene car\u00e1cter revocable en todo momento, sin efectos retroactivos.<\/p><h2 class=\"titulo-subrayado m-t-3 h3\" style=\"margin-top: 3rem; margin-bottom: 1.5rem; font-family: Montserrat, sans-serif; font-weight: 300; line-height: 1.1; color: #444444; font-size: 1.714rem; text-transform: uppercase;\">DESTINATARIOS<\/h2><p class=\"texto-n\" style=\"margin-bottom: 8px; font-size: 13px; color: #888888; line-height: 20px; font-family: 'Open Sans', arial, sans-serif;\">Con motivo de la compra sus datos pueden ser comunicados a los siguientes destinatarios:<\/p><ul class=\"text-only-content lista-n\" style=\"list-style: inside none; padding-left: 15px; font-family: 'Open Sans', arial, sans-serif; font-size: 17px;\"><li class=\"texto-n\" style=\"color: #888888; font-size: 13px; line-height: 20px; margin-bottom: 1rem; padding-bottom: 12px; margin-top: 1rem;\">Entidades bancarias para el pago las compras mediante tarjeta y\/o estudio de financiaci\u00f3n de compras y obtenci\u00f3n de cr\u00e9ditos al consumo.<\/li><li class=\"texto-n\" style=\"color: #888888; font-size: 13px; line-height: 20px; margin-bottom: 1rem; padding-bottom: 12px;\">Entidades que prestan servicios de investigaci\u00f3n, descubrimiento y prevenci\u00f3n del fraude, as\u00ed como la minimizaci\u00f3n del riesgo de su comisi\u00f3n, en base al inter\u00e9s leg\u00edtimo reconocido por la normativa vigente.<\/li><li class=\"texto-n\" style=\"color: #888888; font-size: 13px; line-height: 20px; margin-bottom: 1rem; padding-bottom: 12px;\">Entidades y empresas del sector de la energ\u00eda, previo consentimiento.<\/li><li class=\"texto-n\" style=\"color: #888888; font-size: 13px; line-height: 20px; margin-bottom: 1rem; padding-bottom: 12px;\">A la Oficina de consumidores y usuarios en caso de existir alguna reclamaci\u00f3n.<\/li><li class=\"texto-n\" style=\"color: #888888; font-size: 13px; line-height: 20px; margin-bottom: 1rem; padding-bottom: 12px;\">A los fabricantes, Servicios t\u00e9cnicos y\/o mayoristas en el caso de garant\u00edas o reparaciones. A aquellas empresas transportistas que puedan tener encargado el env\u00edo a los clientes de los pedidos correspondientes. Estos destinatarios pueden estar ubicados dentro del territorio espa\u00f1ol como en fuera del mismo, en funci\u00f3n del producto y\/o servicio adquirido.<\/li><li class=\"texto-n\" style=\"color: #888888; font-size: 13px; line-height: 20px; margin-bottom: 1rem; padding-bottom: 12px;\">En los supuestos legalmente establecidos, como es el caso de las Fuerzas y Cuerpos de Seguridad.<\/li><li class=\"texto-n\" style=\"color: #888888; font-size: 13px; line-height: 20px; margin-bottom: 1rem; padding-bottom: 0px;\">A las administraciones p\u00fablicas a las que tengamos que facilitar informaci\u00f3n con motivo del cumplimiento de nuestras obligaciones legales.<\/li><\/ul><p class=\"texto-n\" style=\"margin-bottom: 8px; font-size: 13px; color: #888888; line-height: 20px; font-family: 'Open Sans', arial, sans-serif;\">Para el env\u00edo de newsletters o boletines de noticias es posible que utilicemos la herramienta Mailchimp que pertenece a la compa\u00f1\u00eda estadounidense The Rocket Science Group, LLC. Por lo tanto, estar\u00edamos ante una transferencia internacional de sus datos para prestar \u00fanicamente este servicio. Puedes encontrar informaci\u00f3n sobre esta compa\u00f1\u00eda y su pol\u00edtica de privacidad aqu\u00ed. Adem\u00e1s, esta compa\u00f1\u00eda se encuentra adherida al protocolo Privacy Shield que permite las transferencias internacionales de datos entre la Uni\u00f3n Europea y Estados Unidos.<\/p><p class=\"texto-n\" style=\"margin-bottom: 8px; font-size: 13px; color: #888888; line-height: 20px; font-family: 'Open Sans', arial, sans-serif;\">El uso de Mailchimp no es una cesi\u00f3n de datos, sino que los datos s\u00f3lo se usar\u00e1n por esta plataforma \u00fanica y exclusivamente para remitir los boletines y siempre con su consentimiento.<\/p><p class=\"texto-n\" style=\"margin-bottom: 8px; font-size: 13px; color: #888888; line-height: 20px; font-family: 'Open Sans', arial, sans-serif;\">SATINFORMATICO asegura la confidencialidad de los datos aportados y garantiza que, en ning\u00fan caso, ser\u00e1n cedidos para ning\u00fan otro uso sin mediar consentimiento previo y expreso de nuestros clientes. S\u00f3lo le pediremos aquellos datos necesarios para la prestaci\u00f3n del servicio requerido y \u00fanicamente ser\u00e1n empleados para este fin.<\/p><h2 class=\"titulo-subrayado m-t-3 h3\" style=\"margin-top: 3rem; margin-bottom: 1.5rem; font-family: Montserrat, sans-serif; font-weight: 300; line-height: 1.1; color: #444444; font-size: 1.714rem; text-transform: uppercase;\">DERECHOS DE LOS INTERESADOS<\/h2><p class=\"texto-n\" style=\"margin-bottom: 8px; font-size: 13px; color: #888888; line-height: 20px; font-family: 'Open Sans', arial, sans-serif;\">El interesado tiene los siguientes derechos:<\/p><ul class=\"text-only-content lista-n\" style=\"list-style: inside none; padding-left: 15px; font-family: 'Open Sans', arial, sans-serif; font-size: 17px;\"><li class=\"texto-n\" style=\"color: #888888; font-size: 13px; line-height: 20px; margin-bottom: 1rem; padding-bottom: 12px; margin-top: 1rem;\">Podr\u00e1 solicitar informaci\u00f3n sobre los datos de car\u00e1cter personal almacenados que le conciernan (acceso)<\/li><li class=\"texto-n\" style=\"color: #888888; font-size: 13px; line-height: 20px; margin-bottom: 1rem; padding-bottom: 12px;\">Podr\u00e1 solicitar que se corrija la inexactitud de sus datos personales. (rectificaci\u00f3n)<\/li><li class=\"texto-n\" style=\"color: #888888; font-size: 13px; line-height: 20px; margin-bottom: 1rem; padding-bottom: 12px;\">Podr\u00e1 solicitar la eliminaci\u00f3n o limitaci\u00f3n del tratamiento de sus datos personales y (supresi\u00f3n y limitaci\u00f3n)<\/li><li class=\"texto-n\" style=\"color: #888888; font-size: 13px; line-height: 20px; margin-bottom: 1rem; padding-bottom: 0px;\">Tambi\u00e9n podr\u00e1 solicitar que se le pongan a disposici\u00f3n sus datos personales en un formato estructurado, corriente y de lectura mec\u00e1nica.(portabilidad)<\/li><\/ul><p class=\"texto-n\" style=\"margin-bottom: 8px; font-size: 13px; color: #888888; line-height: 20px; font-family: 'Open Sans', arial, sans-serif;\">Para ello deber\u00e1 dirigirse por escrito adjuntando una copia del DNI o documento que le identifique, a la direcci\u00f3n C\/ Sevilla, 58 29400 Ronda tambi\u00e9n a trav\u00e9s de nuestro formulario o al correo electr\u00f3nico info@satinformatico.com\u00a0\u00a0<\/p><p class=\"texto-n\" style=\"margin-bottom: 8px; font-size: 13px; color: #888888; line-height: 20px; font-family: 'Open Sans', arial, sans-serif;\">El interesado tambi\u00e9n tiene derecho a presentar una reclamaci\u00f3n ante las autoridades de protecci\u00f3n de datos (Agencia Espa\u00f1ola de Protecci\u00f3n de Datos). No obstante, cualquier cuesti\u00f3n relacionada con los datos le invitamos a contactar con nosotros para solucionarla.<\/p><h2 class=\"titulo-subrayado m-t-3 h3\" style=\"margin-top: 3rem; margin-bottom: 1.5rem; font-family: Montserrat, sans-serif; font-weight: 300; line-height: 1.1; color: #444444; font-size: 1.714rem; text-transform: uppercase;\">DELEGADO DE PROTECCI\u00d3N DE DATOS<\/h2><p class=\"texto-n\" style=\"margin-bottom: 8px; font-size: 13px; color: #888888; line-height: 20px; font-family: 'Open Sans', arial, sans-serif;\">Hemos designado un delegado de protecci\u00f3n de datos (DPO) para cualquier cuesti\u00f3n relacionada con sus datos personales. Puede contactar con \u00e9l a trav\u00e9s de la direcci\u00f3n info@satinformatico.com<\/p><h2 class=\"titulo-subrayado m-t-3 h3\" style=\"margin-top: 3rem; margin-bottom: 1.5rem; font-family: Montserrat, sans-serif; font-weight: 300; line-height: 1.1; color: #444444; font-size: 1.714rem; text-transform: uppercase;\">CALIDAD DE LOS DATOS<\/h2><p class=\"texto-n\" style=\"margin-bottom: 8px; font-size: 13px; color: #888888; line-height: 20px; font-family: 'Open Sans', arial, sans-serif;\">Los usuarios deber\u00e1n garantizar la veracidad, exactitud, autenticidad y vigencia de los datos de car\u00e1cter personal que les hayan sido recogidos.<\/p><h2 class=\"titulo-subrayado m-t-3 h3\" style=\"margin-top: 3rem; margin-bottom: 1.5rem; font-family: Montserrat, sans-serif; font-weight: 300; line-height: 1.1; color: #444444; font-size: 1.714rem; text-transform: uppercase;\">PROTECCI\u00d3N DE LOS MENORES<\/h2><p class=\"texto-n\" style=\"margin-bottom: 8px; font-size: 13px; color: #888888; line-height: 20px; font-family: 'Open Sans', arial, sans-serif;\">No recogemos datos personales de menores. Es responsabilidad del padre\/madre\/tutor legal velar por para la privacidad de los menores, haciendo todo lo posible para asegurar que han autorizado la recogida y el uso de los datos personales del menor.<\/p><h2 class=\"titulo-subrayado m-t-3 h3\" style=\"margin-top: 3rem; margin-bottom: 1.5rem; font-family: Montserrat, sans-serif; font-weight: 300; line-height: 1.1; color: #444444; font-size: 1.714rem; text-transform: uppercase;\">REDES SOCIALES<\/h2><p class=\"texto-n\" style=\"margin-bottom: 8px; font-size: 13px; color: #888888; line-height: 20px; font-family: 'Open Sans', arial, sans-serif;\">A trav\u00e9s de nuestra p\u00e1gina web puede acceder a las redes sociales Facebook, Instagram o Youtube de acceso abierto a todos los usuarios. Se trata de sitios web donde el usuario puede registrase y seguirnos gratuitamente. En estas redes sociales los usuarios podr\u00e1n conocer de nuestras actividades, opiniones, acceder a las fotos y v\u00eddeos. Los usuarios de estas redes sociales deben ser conscientes de que este lugar es independiente de la web www.satinformatico.com y est\u00e1 abierto, es decir, es visible para todos sus usuarios, y las pol\u00edticas de privacidad a aplicar a estos contenidos son las fijadas por Facebook o Youtube. SATINFORMATICO no es titular de las redes sociales.<\/p><\/section>\t\t\t\t\t\t\t\t<\/div>\n\t\t\t\t<\/div>\n\t\t\t\t\t<\/div>\n\t\t\t\t<\/div>\n\t\t\t\t<\/div>\n\t\t","protected":false},"excerpt":{"rendered":"<p>Pol\u00edtica de privacidad La visita a este sitio Web no implica que el usuario est\u00e9 obligado a facilitar ninguna informaci\u00f3n. En el caso de que el usuario facilite alguna informaci\u00f3n de car\u00e1cter personal, los datos recogidos en este sitio web ser\u00e1n tratados de forma leal y l\u00edcita con sujeci\u00f3n en todo momento a los principios [&hellip;]<\/p>\n","protected":false},"author":3,"featured_media":0,"parent":0,"menu_order":0,"comment_status":"closed","ping_status":"closed","template":"","meta":{"footnotes":""},"class_list":["post-281","page","type-page","status-publish","hentry"],"_links":{"self":[{"href":"https:\/\/www.satinformatico.com\/index.php\/wp-json\/wp\/v2\/pages\/281","targetHints":{"allow":["GET"]}}],"collection":[{"href":"https:\/\/www.satinformatico.com\/index.php\/wp-json\/wp\/v2\/pages"}],"about":[{"href":"https:\/\/www.satinformatico.com\/index.php\/wp-json\/wp\/v2\/types\/page"}],"author":[{"embeddable":true,"href":"https:\/\/www.satinformatico.com\/index.php\/wp-json\/wp\/v2\/users\/3"}],"replies":[{"embeddable":true,"href":"https:\/\/www.satinformatico.com\/index.php\/wp-json\/wp\/v2\/comments?post=281"}],"version-history":[{"count":4,"href":"https:\/\/www.satinformatico.com\/index.php\/wp-json\/wp\/v2\/pages\/281\/revisions"}],"predecessor-version":[{"id":285,"href":"https:\/\/www.satinformatico.com\/index.php\/wp-json\/wp\/v2\/pages\/281\/revisions\/285"}],"wp:attachment":[{"href":"https:\/\/www.satinformatico.com\/index.php\/wp-json\/wp\/v2\/media?parent=281"}],"curies":[{"name":"wp","href":"https:\/\/api.w.org\/{rel}","templated":true}]}}